{"id":2061,"date":"2023-11-24T04:38:17","date_gmt":"2023-11-24T04:38:17","guid":{"rendered":"https:\/\/marcah.com\/vialen\/producto\/gotero-la-cura-capilar-anticaida-4-oz\/"},"modified":"2023-11-28T18:14:36","modified_gmt":"2023-11-28T18:14:36","slug":"gotero-la-cura-capilar-anticaida-4-oz","status":"publish","type":"product","link":"https:\/\/marcah.com\/vialen\/producto\/gotero-la-cura-capilar-anticaida-4-oz\/","title":{"rendered":"Gotero La Cura Capilar Anticaida 4 oz"},"content":{"rendered":"<p>Revitaliza tu cabello desde la ra\u00edz con el Gotero Antica\u00edda de la l\u00ednea La Cura Capilar Antica\u00edda. Este tratamiento concentrado estimula el cuero cabelludo, promoviendo el crecimiento de un cabello m\u00e1s fuerte y resistente. Ideal para combatir la ca\u00edda y adelgazamiento del cabello, su f\u00f3rmula rica en nutrientes proporciona resultados visibles y duraderos, asegurando un cabello m\u00e1s sano y lleno de vida.<\/p>\n","protected":false},"excerpt":{"rendered":"<p>Revitaliza tu cabello desde la ra\u00edz con el Gotero Antica\u00edda de la l\u00ednea La Cura Capilar Antica\u00edda. Este tratamiento concentrado estimula el cuero cabelludo, promoviendo el crecimiento de un cabello&#8230;<\/p>\n","protected":false},"featured_media":2670,"template":"","meta":{"nf_dc_page":"","om_disable_all_campaigns":false},"product_brand":[],"product_cat":[109,105,110],"product_tag":[],"class_list":{"0":"post-2061","1":"product","2":"type-product","3":"status-publish","4":"has-post-thumbnail","6":"product_cat-anti-caida","7":"product_cat-cuidado-capilar","8":"product_cat-la-cura-capilar-anticaida","9":"pa_tamano-4-oz","11":"first","12":"instock","13":"product-type-simple"},"yoast_head":"<!-- This site is optimized with the Yoast SEO plugin v27.3 - https:\/\/yoast.com\/product\/yoast-seo-wordpress\/ -->\n<title>Gotero La Cura Capilar Anticaida 4 oz - Vialen<\/title>\n<meta name=\"robots\" content=\"index, follow, max-snippet:-1, max-image-preview:large, max-video-preview:-1\" \/>\n<link rel=\"canonical\" href=\"https:\/\/marcah.com\/vialen\/producto\/gotero-la-cura-capilar-anticaida-4-oz\/\" \/>\n<meta property=\"og:locale\" content=\"es_ES\" \/>\n<meta property=\"og:type\" content=\"article\" \/>\n<meta property=\"og:title\" content=\"Gotero La Cura Capilar Anticaida 4 oz - Vialen\" \/>\n<meta property=\"og:description\" content=\"Revitaliza tu cabello desde la ra\u00edz con el Gotero Antica\u00edda de la l\u00ednea La Cura Capilar Antica\u00edda. Este tratamiento concentrado estimula el cuero cabelludo, promoviendo el crecimiento de un cabello...\" \/>\n<meta property=\"og:url\" content=\"https:\/\/marcah.com\/vialen\/producto\/gotero-la-cura-capilar-anticaida-4-oz\/\" \/>\n<meta property=\"og:site_name\" content=\"Vialen\" \/>\n<meta property=\"article:modified_time\" content=\"2023-11-28T18:14:36+00:00\" \/>\n<meta property=\"og:image\" content=\"https:\/\/marcah.com\/vialen\/wp-content\/uploads\/2023\/11\/718-0.png\" \/>\n\t<meta property=\"og:image:width\" content=\"2000\" \/>\n\t<meta property=\"og:image:height\" content=\"2000\" \/>\n\t<meta property=\"og:image:type\" content=\"image\/png\" \/>\n<meta name=\"twitter:card\" content=\"summary_large_image\" \/>\n<script type=\"application\/ld+json\" class=\"yoast-schema-graph\">{\"@context\":\"https:\\\/\\\/schema.org\",\"@graph\":[{\"@type\":\"WebPage\",\"@id\":\"https:\\\/\\\/marcah.com\\\/vialen\\\/producto\\\/gotero-la-cura-capilar-anticaida-4-oz\\\/\",\"url\":\"https:\\\/\\\/marcah.com\\\/vialen\\\/producto\\\/gotero-la-cura-capilar-anticaida-4-oz\\\/\",\"name\":\"Gotero La Cura Capilar Anticaida 4 oz - Vialen\",\"isPartOf\":{\"@id\":\"https:\\\/\\\/marcah.com\\\/vialen\\\/#website\"},\"primaryImageOfPage\":{\"@id\":\"https:\\\/\\\/marcah.com\\\/vialen\\\/producto\\\/gotero-la-cura-capilar-anticaida-4-oz\\\/#primaryimage\"},\"image\":{\"@id\":\"https:\\\/\\\/marcah.com\\\/vialen\\\/producto\\\/gotero-la-cura-capilar-anticaida-4-oz\\\/#primaryimage\"},\"thumbnailUrl\":\"https:\\\/\\\/i0.wp.com\\\/marcah.com\\\/vialen\\\/wp-content\\\/uploads\\\/2023\\\/11\\\/718-0.png?fit=2000%2C2000&ssl=1\",\"datePublished\":\"2023-11-24T04:38:17+00:00\",\"dateModified\":\"2023-11-28T18:14:36+00:00\",\"breadcrumb\":{\"@id\":\"https:\\\/\\\/marcah.com\\\/vialen\\\/producto\\\/gotero-la-cura-capilar-anticaida-4-oz\\\/#breadcrumb\"},\"inLanguage\":\"es\",\"potentialAction\":[{\"@type\":\"ReadAction\",\"target\":[\"https:\\\/\\\/marcah.com\\\/vialen\\\/producto\\\/gotero-la-cura-capilar-anticaida-4-oz\\\/\"]}]},{\"@type\":\"ImageObject\",\"inLanguage\":\"es\",\"@id\":\"https:\\\/\\\/marcah.com\\\/vialen\\\/producto\\\/gotero-la-cura-capilar-anticaida-4-oz\\\/#primaryimage\",\"url\":\"https:\\\/\\\/i0.wp.com\\\/marcah.com\\\/vialen\\\/wp-content\\\/uploads\\\/2023\\\/11\\\/718-0.png?fit=2000%2C2000&ssl=1\",\"contentUrl\":\"https:\\\/\\\/i0.wp.com\\\/marcah.com\\\/vialen\\\/wp-content\\\/uploads\\\/2023\\\/11\\\/718-0.png?fit=2000%2C2000&ssl=1\",\"width\":2000,\"height\":2000},{\"@type\":\"BreadcrumbList\",\"@id\":\"https:\\\/\\\/marcah.com\\\/vialen\\\/producto\\\/gotero-la-cura-capilar-anticaida-4-oz\\\/#breadcrumb\",\"itemListElement\":[{\"@type\":\"ListItem\",\"position\":1,\"name\":\"Home\",\"item\":\"https:\\\/\\\/marcah.com\\\/vialen\\\/\"},{\"@type\":\"ListItem\",\"position\":2,\"name\":\"Tienda\",\"item\":\"https:\\\/\\\/marcah.com\\\/vialen\\\/tienda\\\/\"},{\"@type\":\"ListItem\",\"position\":3,\"name\":\"Gotero La Cura Capilar Anticaida 4 oz\"}]},{\"@type\":\"WebSite\",\"@id\":\"https:\\\/\\\/marcah.com\\\/vialen\\\/#website\",\"url\":\"https:\\\/\\\/marcah.com\\\/vialen\\\/\",\"name\":\"Vialen\",\"description\":\"Cuidado Personal\",\"potentialAction\":[{\"@type\":\"SearchAction\",\"target\":{\"@type\":\"EntryPoint\",\"urlTemplate\":\"https:\\\/\\\/marcah.com\\\/vialen\\\/?s={search_term_string}\"},\"query-input\":{\"@type\":\"PropertyValueSpecification\",\"valueRequired\":true,\"valueName\":\"search_term_string\"}}],\"inLanguage\":\"es\"}]}<\/script>\n<!-- \/ Yoast SEO plugin. -->","yoast_head_json":{"title":"Gotero La Cura Capilar Anticaida 4 oz - Vialen","robots":{"index":"index","follow":"follow","max-snippet":"max-snippet:-1","max-image-preview":"max-image-preview:large","max-video-preview":"max-video-preview:-1"},"canonical":"https:\/\/marcah.com\/vialen\/producto\/gotero-la-cura-capilar-anticaida-4-oz\/","og_locale":"es_ES","og_type":"article","og_title":"Gotero La Cura Capilar Anticaida 4 oz - Vialen","og_description":"Revitaliza tu cabello desde la ra\u00edz con el Gotero Antica\u00edda de la l\u00ednea La Cura Capilar Antica\u00edda. Este tratamiento concentrado estimula el cuero cabelludo, promoviendo el crecimiento de un cabello...","og_url":"https:\/\/marcah.com\/vialen\/producto\/gotero-la-cura-capilar-anticaida-4-oz\/","og_site_name":"Vialen","article_modified_time":"2023-11-28T18:14:36+00:00","og_image":[{"width":2000,"height":2000,"url":"https:\/\/marcah.com\/vialen\/wp-content\/uploads\/2023\/11\/718-0.png","type":"image\/png"}],"twitter_card":"summary_large_image","schema":{"@context":"https:\/\/schema.org","@graph":[{"@type":"WebPage","@id":"https:\/\/marcah.com\/vialen\/producto\/gotero-la-cura-capilar-anticaida-4-oz\/","url":"https:\/\/marcah.com\/vialen\/producto\/gotero-la-cura-capilar-anticaida-4-oz\/","name":"Gotero La Cura Capilar Anticaida 4 oz - Vialen","isPartOf":{"@id":"https:\/\/marcah.com\/vialen\/#website"},"primaryImageOfPage":{"@id":"https:\/\/marcah.com\/vialen\/producto\/gotero-la-cura-capilar-anticaida-4-oz\/#primaryimage"},"image":{"@id":"https:\/\/marcah.com\/vialen\/producto\/gotero-la-cura-capilar-anticaida-4-oz\/#primaryimage"},"thumbnailUrl":"https:\/\/i0.wp.com\/marcah.com\/vialen\/wp-content\/uploads\/2023\/11\/718-0.png?fit=2000%2C2000&ssl=1","datePublished":"2023-11-24T04:38:17+00:00","dateModified":"2023-11-28T18:14:36+00:00","breadcrumb":{"@id":"https:\/\/marcah.com\/vialen\/producto\/gotero-la-cura-capilar-anticaida-4-oz\/#breadcrumb"},"inLanguage":"es","potentialAction":[{"@type":"ReadAction","target":["https:\/\/marcah.com\/vialen\/producto\/gotero-la-cura-capilar-anticaida-4-oz\/"]}]},{"@type":"ImageObject","inLanguage":"es","@id":"https:\/\/marcah.com\/vialen\/producto\/gotero-la-cura-capilar-anticaida-4-oz\/#primaryimage","url":"https:\/\/i0.wp.com\/marcah.com\/vialen\/wp-content\/uploads\/2023\/11\/718-0.png?fit=2000%2C2000&ssl=1","contentUrl":"https:\/\/i0.wp.com\/marcah.com\/vialen\/wp-content\/uploads\/2023\/11\/718-0.png?fit=2000%2C2000&ssl=1","width":2000,"height":2000},{"@type":"BreadcrumbList","@id":"https:\/\/marcah.com\/vialen\/producto\/gotero-la-cura-capilar-anticaida-4-oz\/#breadcrumb","itemListElement":[{"@type":"ListItem","position":1,"name":"Home","item":"https:\/\/marcah.com\/vialen\/"},{"@type":"ListItem","position":2,"name":"Tienda","item":"https:\/\/marcah.com\/vialen\/tienda\/"},{"@type":"ListItem","position":3,"name":"Gotero La Cura Capilar Anticaida 4 oz"}]},{"@type":"WebSite","@id":"https:\/\/marcah.com\/vialen\/#website","url":"https:\/\/marcah.com\/vialen\/","name":"Vialen","description":"Cuidado Personal","potentialAction":[{"@type":"SearchAction","target":{"@type":"EntryPoint","urlTemplate":"https:\/\/marcah.com\/vialen\/?s={search_term_string}"},"query-input":{"@type":"PropertyValueSpecification","valueRequired":true,"valueName":"search_term_string"}}],"inLanguage":"es"}]}},"jetpack_sharing_enabled":true,"_links":{"self":[{"href":"https:\/\/marcah.com\/vialen\/wp-json\/wp\/v2\/product\/2061","targetHints":{"allow":["GET"]}}],"collection":[{"href":"https:\/\/marcah.com\/vialen\/wp-json\/wp\/v2\/product"}],"about":[{"href":"https:\/\/marcah.com\/vialen\/wp-json\/wp\/v2\/types\/product"}],"wp:featuredmedia":[{"embeddable":true,"href":"https:\/\/marcah.com\/vialen\/wp-json\/wp\/v2\/media\/2670"}],"wp:attachment":[{"href":"https:\/\/marcah.com\/vialen\/wp-json\/wp\/v2\/media?parent=2061"}],"wp:term":[{"taxonomy":"product_brand","embeddable":true,"href":"https:\/\/marcah.com\/vialen\/wp-json\/wp\/v2\/product_brand?post=2061"},{"taxonomy":"product_cat","embeddable":true,"href":"https:\/\/marcah.com\/vialen\/wp-json\/wp\/v2\/product_cat?post=2061"},{"taxonomy":"product_tag","embeddable":true,"href":"https:\/\/marcah.com\/vialen\/wp-json\/wp\/v2\/product_tag?post=2061"}],"curies":[{"name":"wp","href":"https:\/\/api.w.org\/{rel}","templated":true}]}}