{"id":2073,"date":"2023-11-24T04:57:36","date_gmt":"2023-11-24T04:57:36","guid":{"rendered":"https:\/\/marcah.com\/vialen\/producto\/gotero-therapy-4-oz\/"},"modified":"2023-11-24T04:57:37","modified_gmt":"2023-11-24T04:57:37","slug":"gotero-therapy-4-oz","status":"publish","type":"product","link":"https:\/\/marcah.com\/vialen\/producto\/gotero-therapy-4-oz\/","title":{"rendered":"Gotero Therapy 4 oz"},"content":{"rendered":"<p>Potencia la salud de tu cabello con el Gotero Fortificante de nuestra serie Therapy, un aliado clave en el Cuidado Capilar. Este tratamiento concentrado penetra en el cuero cabelludo, nutriendo las ra\u00edces y fortaleciendo el cabello desde dentro. Ideal para cabellos fr\u00e1giles, promueve la resistencia y el vigor, asegurando un aspecto m\u00e1s sano y rejuvenecido.<\/p>\n","protected":false},"excerpt":{"rendered":"<p>Potencia la salud de tu cabello con el Gotero Fortificante de nuestra serie Therapy, un aliado clave en el Cuidado Capilar. Este tratamiento concentrado penetra en el cuero cabelludo, nutriendo&#8230;<\/p>\n","protected":false},"featured_media":0,"template":"","meta":{"nf_dc_page":"","om_disable_all_campaigns":false},"product_brand":[],"product_cat":[105,112,113],"product_tag":[],"class_list":{"0":"post-2073","1":"product","2":"type-product","3":"status-publish","5":"product_cat-cuidado-capilar","6":"product_cat-fortificante","7":"product_cat-therapy","8":"pa_tamano-4-oz","10":"first","11":"instock","12":"product-type-simple"},"yoast_head":"<!-- This site is optimized with the Yoast SEO plugin v27.3 - https:\/\/yoast.com\/product\/yoast-seo-wordpress\/ -->\n<title>Gotero Therapy 4 oz - Vialen<\/title>\n<meta name=\"robots\" content=\"index, follow, max-snippet:-1, max-image-preview:large, max-video-preview:-1\" \/>\n<link rel=\"canonical\" href=\"https:\/\/marcah.com\/vialen\/producto\/gotero-therapy-4-oz\/\" \/>\n<meta property=\"og:locale\" content=\"es_ES\" \/>\n<meta property=\"og:type\" content=\"article\" \/>\n<meta property=\"og:title\" content=\"Gotero Therapy 4 oz - Vialen\" \/>\n<meta property=\"og:description\" content=\"Potencia la salud de tu cabello con el Gotero Fortificante de nuestra serie Therapy, un aliado clave en el Cuidado Capilar. Este tratamiento concentrado penetra en el cuero cabelludo, nutriendo...\" \/>\n<meta property=\"og:url\" content=\"https:\/\/marcah.com\/vialen\/producto\/gotero-therapy-4-oz\/\" \/>\n<meta property=\"og:site_name\" content=\"Vialen\" \/>\n<meta property=\"article:modified_time\" content=\"2023-11-24T04:57:37+00:00\" \/>\n<meta name=\"twitter:card\" content=\"summary_large_image\" \/>\n<script type=\"application\/ld+json\" class=\"yoast-schema-graph\">{\"@context\":\"https:\\\/\\\/schema.org\",\"@graph\":[{\"@type\":\"WebPage\",\"@id\":\"https:\\\/\\\/marcah.com\\\/vialen\\\/producto\\\/gotero-therapy-4-oz\\\/\",\"url\":\"https:\\\/\\\/marcah.com\\\/vialen\\\/producto\\\/gotero-therapy-4-oz\\\/\",\"name\":\"Gotero Therapy 4 oz - Vialen\",\"isPartOf\":{\"@id\":\"https:\\\/\\\/marcah.com\\\/vialen\\\/#website\"},\"datePublished\":\"2023-11-24T04:57:36+00:00\",\"dateModified\":\"2023-11-24T04:57:37+00:00\",\"breadcrumb\":{\"@id\":\"https:\\\/\\\/marcah.com\\\/vialen\\\/producto\\\/gotero-therapy-4-oz\\\/#breadcrumb\"},\"inLanguage\":\"es\",\"potentialAction\":[{\"@type\":\"ReadAction\",\"target\":[\"https:\\\/\\\/marcah.com\\\/vialen\\\/producto\\\/gotero-therapy-4-oz\\\/\"]}]},{\"@type\":\"BreadcrumbList\",\"@id\":\"https:\\\/\\\/marcah.com\\\/vialen\\\/producto\\\/gotero-therapy-4-oz\\\/#breadcrumb\",\"itemListElement\":[{\"@type\":\"ListItem\",\"position\":1,\"name\":\"Home\",\"item\":\"https:\\\/\\\/marcah.com\\\/vialen\\\/\"},{\"@type\":\"ListItem\",\"position\":2,\"name\":\"Tienda\",\"item\":\"https:\\\/\\\/marcah.com\\\/vialen\\\/tienda\\\/\"},{\"@type\":\"ListItem\",\"position\":3,\"name\":\"Gotero Therapy 4 oz\"}]},{\"@type\":\"WebSite\",\"@id\":\"https:\\\/\\\/marcah.com\\\/vialen\\\/#website\",\"url\":\"https:\\\/\\\/marcah.com\\\/vialen\\\/\",\"name\":\"Vialen\",\"description\":\"Cuidado Personal\",\"potentialAction\":[{\"@type\":\"SearchAction\",\"target\":{\"@type\":\"EntryPoint\",\"urlTemplate\":\"https:\\\/\\\/marcah.com\\\/vialen\\\/?s={search_term_string}\"},\"query-input\":{\"@type\":\"PropertyValueSpecification\",\"valueRequired\":true,\"valueName\":\"search_term_string\"}}],\"inLanguage\":\"es\"}]}<\/script>\n<!-- \/ Yoast SEO plugin. -->","yoast_head_json":{"title":"Gotero Therapy 4 oz - Vialen","robots":{"index":"index","follow":"follow","max-snippet":"max-snippet:-1","max-image-preview":"max-image-preview:large","max-video-preview":"max-video-preview:-1"},"canonical":"https:\/\/marcah.com\/vialen\/producto\/gotero-therapy-4-oz\/","og_locale":"es_ES","og_type":"article","og_title":"Gotero Therapy 4 oz - Vialen","og_description":"Potencia la salud de tu cabello con el Gotero Fortificante de nuestra serie Therapy, un aliado clave en el Cuidado Capilar. Este tratamiento concentrado penetra en el cuero cabelludo, nutriendo...","og_url":"https:\/\/marcah.com\/vialen\/producto\/gotero-therapy-4-oz\/","og_site_name":"Vialen","article_modified_time":"2023-11-24T04:57:37+00:00","twitter_card":"summary_large_image","schema":{"@context":"https:\/\/schema.org","@graph":[{"@type":"WebPage","@id":"https:\/\/marcah.com\/vialen\/producto\/gotero-therapy-4-oz\/","url":"https:\/\/marcah.com\/vialen\/producto\/gotero-therapy-4-oz\/","name":"Gotero Therapy 4 oz - Vialen","isPartOf":{"@id":"https:\/\/marcah.com\/vialen\/#website"},"datePublished":"2023-11-24T04:57:36+00:00","dateModified":"2023-11-24T04:57:37+00:00","breadcrumb":{"@id":"https:\/\/marcah.com\/vialen\/producto\/gotero-therapy-4-oz\/#breadcrumb"},"inLanguage":"es","potentialAction":[{"@type":"ReadAction","target":["https:\/\/marcah.com\/vialen\/producto\/gotero-therapy-4-oz\/"]}]},{"@type":"BreadcrumbList","@id":"https:\/\/marcah.com\/vialen\/producto\/gotero-therapy-4-oz\/#breadcrumb","itemListElement":[{"@type":"ListItem","position":1,"name":"Home","item":"https:\/\/marcah.com\/vialen\/"},{"@type":"ListItem","position":2,"name":"Tienda","item":"https:\/\/marcah.com\/vialen\/tienda\/"},{"@type":"ListItem","position":3,"name":"Gotero Therapy 4 oz"}]},{"@type":"WebSite","@id":"https:\/\/marcah.com\/vialen\/#website","url":"https:\/\/marcah.com\/vialen\/","name":"Vialen","description":"Cuidado Personal","potentialAction":[{"@type":"SearchAction","target":{"@type":"EntryPoint","urlTemplate":"https:\/\/marcah.com\/vialen\/?s={search_term_string}"},"query-input":{"@type":"PropertyValueSpecification","valueRequired":true,"valueName":"search_term_string"}}],"inLanguage":"es"}]}},"jetpack_sharing_enabled":true,"_links":{"self":[{"href":"https:\/\/marcah.com\/vialen\/wp-json\/wp\/v2\/product\/2073","targetHints":{"allow":["GET"]}}],"collection":[{"href":"https:\/\/marcah.com\/vialen\/wp-json\/wp\/v2\/product"}],"about":[{"href":"https:\/\/marcah.com\/vialen\/wp-json\/wp\/v2\/types\/product"}],"wp:attachment":[{"href":"https:\/\/marcah.com\/vialen\/wp-json\/wp\/v2\/media?parent=2073"}],"wp:term":[{"taxonomy":"product_brand","embeddable":true,"href":"https:\/\/marcah.com\/vialen\/wp-json\/wp\/v2\/product_brand?post=2073"},{"taxonomy":"product_cat","embeddable":true,"href":"https:\/\/marcah.com\/vialen\/wp-json\/wp\/v2\/product_cat?post=2073"},{"taxonomy":"product_tag","embeddable":true,"href":"https:\/\/marcah.com\/vialen\/wp-json\/wp\/v2\/product_tag?post=2073"}],"curies":[{"name":"wp","href":"https:\/\/api.w.org\/{rel}","templated":true}]}}